{"id":850,"date":"2017-02-20T11:55:22","date_gmt":"2017-02-20T11:55:22","guid":{"rendered":"http:\/\/residence-peramal.com\/?page_id=850\/"},"modified":"2017-02-23T10:41:27","modified_gmt":"2017-02-23T10:41:27","slug":"beaches","status":"publish","type":"page","link":"https:\/\/residence-peramal.com\/en\/home-eng\/beaches\/","title":{"rendered":"Beaches"},"content":{"rendered":"[vc_row][vc_column][mk_padding_divider][mk_ornamental_title text_color=&#8221;#c0b498&#8243; font_family=&#8221;Marcellus+SC&#8221; font_type=&#8221;google&#8221; font_size=&#8221;24&#8243; font_weight=&#8221;bold&#8221; txt_transform=&#8221;uppercase&#8221; ornament_style=&#8221;lemo-single&#8221; nss_align=&#8221;center&#8221; ornament_color=&#8221;#c0b498&#8243;]Activities in Grand Bay[\/mk_ornamental_title][mk_padding_divider][\/vc_column][\/vc_row][vc_row][vc_column width=&#8221;1\/6&#8243;][\/vc_column][vc_column width=&#8221;2\/3&#8243;][vc_column_text]\n<p style=\"text-align: justify;\"><strong>The beach in front of the Residence Peramal<\/strong><\/p>\n<p style=\"text-align: justify;\">A 5 minute walk along the coast, just in front of the residence, the nearest beach, very clean, very quiet, good for a morning swim, and more.<\/p>\n<p style=\"text-align: justify;\"><strong>Grand Bay beach<\/strong><\/p>\n<p style=\"text-align: justify;\">The beach in the center Grand Bay is located as the name suggests in the center of Grand Bay, on the main road. The beach of Grand Bay does not necessarily represent a dream beach and serves mainly as a shelter for local fishing boats. Swimming is possible, but not essential. Opposite of the beach you will find shops.<\/p>\n<p style=\"text-align: justify;\"><strong>La Cuvette beach<\/strong><\/p>\n<p style=\"text-align: justify;\">La Cuvette beach is situated at the end of Grand Bay. The plage is located near to the Royal Palm Hotel and to access it, you have to move from the center of Grand Bay to Preyb\u00e8re. The beach is quite small qnd intimate. The water is very calme and the beach is surronded by corals and rocks. It is a pleasure to walk along the beach, from the coast to the center of Grand.<\/p>\n<p style=\"text-align: justify;\"><strong>Casita beach<\/strong><\/p>\n<p style=\"text-align: justify;\">Casita beach is situated before the beach of Pereyb\u00e8re. To access the beach, you simply go the Pereyb\u00e8re and from there move along the coast direction of Grand Bay. Five minutes of walk, you will find a small bay that is Casita bay, known for swimming, its tranquility, its fine sandy beach and beautiful area for sunbathing.<\/p>\n<p style=\"text-align: justify;\"><strong>Pereyb\u00e8re beach <\/strong><\/p>\n<p style=\"text-align: justify;\">Pereyb\u00e8re, one of the best known beaches of our island. Pereyb\u00e8re beach is situated between Grand Baie and Cap Malheureux along the coastal road. Pereyb\u00e8re beach attracts more people during school holidays and Sundays. It is due to its clear blue waters, and is one of the best places on the island for swimming.<\/p>\n<p style=\"text-align: justify;\"><strong>Bain B\u0153uf beach<\/strong><\/p>\n<p style=\"text-align: justify;\">Bain Boeuf beach is situated between Pereybere and Cap Malheureux. The beach of Bain Boeuf is known for the beautiful view it offers on the Northern Islands . Bain Boeuf is a place where you can enjoy the sun , sand and sea in a relaxed atmosphere with an amazing view on the Gunner&#8217;s Quoin.<\/p>\n<p style=\"text-align: justify;\"><strong>Cap-Malheureux beach <\/strong><\/p>\n<p style=\"text-align: justify;\">Located 3km from the north of Pereybere, Cap Malheureux is distinguished by its amazing red roof church. Cap Malheureux beach is little visited by tourists. It is a small sandy beach offering a magnificent view of the Northern Islands.<\/p>\n<p style=\"text-align: justify;\"><strong>Mon Choisy beach <\/strong><\/p>\n<p style=\"text-align: justify;\">20 minutes of walk from the Residence Peramal , Mon Choisy , famous and very popular beach in the north of Mauritius among tourists and also among Mauritians .It is situated between Pointe aux Canonnier and Trou aux Biches, Mon Choisy beach is the longest beaches of Mauritius. Beautiful family beach, it is the gathering place of the Mauritian family for a Sunday and public holidays picnic Friendly atmosphere. On weekdays, the beach is less crowded and therefore more quiet. It is perfect for water sports, boat trips or diving off the lagoon.<\/p>\n<p style=\"text-align: justify;\"><strong>Trou-Aux-Biches beach <\/strong><\/p>\n<p style=\"text-align: justify;\">Trou aux Biches beach is along the coastal road between Mont Choisy and Trou aux Biches. Trou aux Biches beach is known for its fine sand and for its clear blue lagoon.<\/p>\n[\/vc_column_text][\/vc_column][vc_column width=&#8221;1\/6&#8243;][\/vc_column][\/vc_row][vc_row][vc_column][mk_padding_divider][\/vc_column][\/vc_row]\n","protected":false},"excerpt":{"rendered":"<p>[vc_row][vc_column][mk_padding_divider][mk_ornamental_title text_color=&#8221;#c0b498&#8243; font_family=&#8221;Marcellus+SC&#8221; font_type=&#8221;google&#8221; font_size=&#8221;24&#8243; font_weight=&#8221;bold&#8221; txt_transform=&#8221;uppercase&#8221; ornament_style=&#8221;lemo-single&#8221; nss_align=&#8221;center&#8221; ornament_color=&#8221;#c0b498&#8243;]Activities in Grand Bay[\/mk_ornamental_title][mk_padding_divider][\/vc_column][\/vc_row][vc_row][vc_column width=&#8221;1\/6&#8243;][\/vc_column][vc_column width=&#8221;2\/3&#8243;][vc_column_text] The beach in front of the Residence Peramal A 5 minute walk along the coast, just in front of the residence, the nearest beach, very clean, very quiet, good for a morning swim, and more. Grand Bay beach The beach [&hellip;]<\/p>\n","protected":false},"author":2,"featured_media":0,"parent":785,"menu_order":0,"comment_status":"closed","ping_status":"closed","template":"","meta":{"footnotes":""},"class_list":["post-850","page","type-page","status-publish","hentry"],"yoast_head":"<!-- This site is optimized with the Yoast SEO plugin v26.8 - https:\/\/yoast.com\/product\/yoast-seo-wordpress\/ -->\n<title>Beaches - Residence Peramal - Location Studio Ile Maurice<\/title>\n<meta name=\"robots\" content=\"index, follow, max-snippet:-1, max-image-preview:large, max-video-preview:-1\" \/>\n<link rel=\"canonical\" href=\"https:\/\/residence-peramal.com\/en\/home-eng\/beaches\/\" \/>\n<meta property=\"og:locale\" content=\"en_US\" \/>\n<meta property=\"og:type\" content=\"article\" \/>\n<meta property=\"og:title\" content=\"Beaches - Residence Peramal - Location Studio Ile Maurice\" \/>\n<meta property=\"og:description\" content=\"[vc_row][vc_column][mk_padding_divider][mk_ornamental_title text_color=&#8221;#c0b498&#8243; font_family=&#8221;Marcellus+SC&#8221; font_type=&#8221;google&#8221; font_size=&#8221;24&#8243; font_weight=&#8221;bold&#8221; txt_transform=&#8221;uppercase&#8221; ornament_style=&#8221;lemo-single&#8221; nss_align=&#8221;center&#8221; ornament_color=&#8221;#c0b498&#8243;]Activities in Grand Bay[\/mk_ornamental_title][mk_padding_divider][\/vc_column][\/vc_row][vc_row][vc_column width=&#8221;1\/6&#8243;][\/vc_column][vc_column width=&#8221;2\/3&#8243;][vc_column_text] The beach in front of the Residence Peramal A 5 minute walk along the coast, just in front of the residence, the nearest beach, very clean, very quiet, good for a morning swim, and more. Grand Bay beach The beach [&hellip;]\" \/>\n<meta property=\"og:url\" content=\"https:\/\/residence-peramal.com\/en\/home-eng\/beaches\/\" \/>\n<meta property=\"og:site_name\" content=\"Residence Peramal - Location Studio Ile Maurice\" \/>\n<meta property=\"article:modified_time\" content=\"2017-02-23T10:41:27+00:00\" \/>\n<meta name=\"twitter:card\" content=\"summary_large_image\" \/>\n<meta name=\"twitter:label1\" content=\"Est. reading time\" \/>\n\t<meta name=\"twitter:data1\" content=\"3 minutes\" \/>\n<script type=\"application\/ld+json\" class=\"yoast-schema-graph\">{\"@context\":\"https:\/\/schema.org\",\"@graph\":[{\"@type\":\"WebPage\",\"@id\":\"https:\/\/residence-peramal.com\/en\/home-eng\/beaches\/\",\"url\":\"https:\/\/residence-peramal.com\/en\/home-eng\/beaches\/\",\"name\":\"Beaches - Residence Peramal - Location Studio Ile Maurice\",\"isPartOf\":{\"@id\":\"https:\/\/residence-peramal.com\/#website\"},\"datePublished\":\"2017-02-20T11:55:22+00:00\",\"dateModified\":\"2017-02-23T10:41:27+00:00\",\"breadcrumb\":{\"@id\":\"https:\/\/residence-peramal.com\/en\/home-eng\/beaches\/#breadcrumb\"},\"inLanguage\":\"en-US\",\"potentialAction\":[{\"@type\":\"ReadAction\",\"target\":[\"https:\/\/residence-peramal.com\/en\/home-eng\/beaches\/\"]}]},{\"@type\":\"BreadcrumbList\",\"@id\":\"https:\/\/residence-peramal.com\/en\/home-eng\/beaches\/#breadcrumb\",\"itemListElement\":[{\"@type\":\"ListItem\",\"position\":1,\"name\":\"Accueil\",\"item\":\"https:\/\/residence-peramal.com\/en\/\"},{\"@type\":\"ListItem\",\"position\":2,\"name\":\"Home\",\"item\":\"https:\/\/residence-peramal.com\/en\/\"},{\"@type\":\"ListItem\",\"position\":3,\"name\":\"Beaches\"}]},{\"@type\":\"WebSite\",\"@id\":\"https:\/\/residence-peramal.com\/#website\",\"url\":\"https:\/\/residence-peramal.com\/\",\"name\":\"Residence Peramal - Location Studio Ile Maurice\",\"description\":\"H\u00f4tel Grand Baie - Station Baln\u00e9aire\",\"publisher\":{\"@id\":\"https:\/\/residence-peramal.com\/#organization\"},\"potentialAction\":[{\"@type\":\"SearchAction\",\"target\":{\"@type\":\"EntryPoint\",\"urlTemplate\":\"https:\/\/residence-peramal.com\/?s={search_term_string}\"},\"query-input\":{\"@type\":\"PropertyValueSpecification\",\"valueRequired\":true,\"valueName\":\"search_term_string\"}}],\"inLanguage\":\"en-US\"},{\"@type\":\"Organization\",\"@id\":\"https:\/\/residence-peramal.com\/#organization\",\"name\":\"Residence Peramal - Location Studio Ile Maurice\",\"url\":\"https:\/\/residence-peramal.com\/\",\"logo\":{\"@type\":\"ImageObject\",\"inLanguage\":\"en-US\",\"@id\":\"https:\/\/residence-peramal.com\/#\/schema\/logo\/image\/\",\"url\":\"https:\/\/residence-peramal.com\/wp-content\/uploads\/2017\/06\/Residence-Peramal.png\",\"contentUrl\":\"https:\/\/residence-peramal.com\/wp-content\/uploads\/2017\/06\/Residence-Peramal.png\",\"width\":400,\"height\":106,\"caption\":\"Residence Peramal - Location Studio Ile Maurice\"},\"image\":{\"@id\":\"https:\/\/residence-peramal.com\/#\/schema\/logo\/image\/\"}}]}<\/script>\n<!-- \/ Yoast SEO plugin. -->","yoast_head_json":{"title":"Beaches - Residence Peramal - Location Studio Ile Maurice","robots":{"index":"index","follow":"follow","max-snippet":"max-snippet:-1","max-image-preview":"max-image-preview:large","max-video-preview":"max-video-preview:-1"},"canonical":"https:\/\/residence-peramal.com\/en\/home-eng\/beaches\/","og_locale":"en_US","og_type":"article","og_title":"Beaches - Residence Peramal - Location Studio Ile Maurice","og_description":"[vc_row][vc_column][mk_padding_divider][mk_ornamental_title text_color=&#8221;#c0b498&#8243; font_family=&#8221;Marcellus+SC&#8221; font_type=&#8221;google&#8221; font_size=&#8221;24&#8243; font_weight=&#8221;bold&#8221; txt_transform=&#8221;uppercase&#8221; ornament_style=&#8221;lemo-single&#8221; nss_align=&#8221;center&#8221; ornament_color=&#8221;#c0b498&#8243;]Activities in Grand Bay[\/mk_ornamental_title][mk_padding_divider][\/vc_column][\/vc_row][vc_row][vc_column width=&#8221;1\/6&#8243;][\/vc_column][vc_column width=&#8221;2\/3&#8243;][vc_column_text] The beach in front of the Residence Peramal A 5 minute walk along the coast, just in front of the residence, the nearest beach, very clean, very quiet, good for a morning swim, and more. Grand Bay beach The beach [&hellip;]","og_url":"https:\/\/residence-peramal.com\/en\/home-eng\/beaches\/","og_site_name":"Residence Peramal - Location Studio Ile Maurice","article_modified_time":"2017-02-23T10:41:27+00:00","twitter_card":"summary_large_image","twitter_misc":{"Est. reading time":"3 minutes"},"schema":{"@context":"https:\/\/schema.org","@graph":[{"@type":"WebPage","@id":"https:\/\/residence-peramal.com\/en\/home-eng\/beaches\/","url":"https:\/\/residence-peramal.com\/en\/home-eng\/beaches\/","name":"Beaches - Residence Peramal - Location Studio Ile Maurice","isPartOf":{"@id":"https:\/\/residence-peramal.com\/#website"},"datePublished":"2017-02-20T11:55:22+00:00","dateModified":"2017-02-23T10:41:27+00:00","breadcrumb":{"@id":"https:\/\/residence-peramal.com\/en\/home-eng\/beaches\/#breadcrumb"},"inLanguage":"en-US","potentialAction":[{"@type":"ReadAction","target":["https:\/\/residence-peramal.com\/en\/home-eng\/beaches\/"]}]},{"@type":"BreadcrumbList","@id":"https:\/\/residence-peramal.com\/en\/home-eng\/beaches\/#breadcrumb","itemListElement":[{"@type":"ListItem","position":1,"name":"Accueil","item":"https:\/\/residence-peramal.com\/en\/"},{"@type":"ListItem","position":2,"name":"Home","item":"https:\/\/residence-peramal.com\/en\/"},{"@type":"ListItem","position":3,"name":"Beaches"}]},{"@type":"WebSite","@id":"https:\/\/residence-peramal.com\/#website","url":"https:\/\/residence-peramal.com\/","name":"Residence Peramal - Location Studio Ile Maurice","description":"H\u00f4tel Grand Baie - Station Baln\u00e9aire","publisher":{"@id":"https:\/\/residence-peramal.com\/#organization"},"potentialAction":[{"@type":"SearchAction","target":{"@type":"EntryPoint","urlTemplate":"https:\/\/residence-peramal.com\/?s={search_term_string}"},"query-input":{"@type":"PropertyValueSpecification","valueRequired":true,"valueName":"search_term_string"}}],"inLanguage":"en-US"},{"@type":"Organization","@id":"https:\/\/residence-peramal.com\/#organization","name":"Residence Peramal - Location Studio Ile Maurice","url":"https:\/\/residence-peramal.com\/","logo":{"@type":"ImageObject","inLanguage":"en-US","@id":"https:\/\/residence-peramal.com\/#\/schema\/logo\/image\/","url":"https:\/\/residence-peramal.com\/wp-content\/uploads\/2017\/06\/Residence-Peramal.png","contentUrl":"https:\/\/residence-peramal.com\/wp-content\/uploads\/2017\/06\/Residence-Peramal.png","width":400,"height":106,"caption":"Residence Peramal - Location Studio Ile Maurice"},"image":{"@id":"https:\/\/residence-peramal.com\/#\/schema\/logo\/image\/"}}]}},"_links":{"self":[{"href":"https:\/\/residence-peramal.com\/en\/wp-json\/wp\/v2\/pages\/850","targetHints":{"allow":["GET"]}}],"collection":[{"href":"https:\/\/residence-peramal.com\/en\/wp-json\/wp\/v2\/pages"}],"about":[{"href":"https:\/\/residence-peramal.com\/en\/wp-json\/wp\/v2\/types\/page"}],"author":[{"embeddable":true,"href":"https:\/\/residence-peramal.com\/en\/wp-json\/wp\/v2\/users\/2"}],"replies":[{"embeddable":true,"href":"https:\/\/residence-peramal.com\/en\/wp-json\/wp\/v2\/comments?post=850"}],"version-history":[{"count":3,"href":"https:\/\/residence-peramal.com\/en\/wp-json\/wp\/v2\/pages\/850\/revisions"}],"predecessor-version":[{"id":982,"href":"https:\/\/residence-peramal.com\/en\/wp-json\/wp\/v2\/pages\/850\/revisions\/982"}],"up":[{"embeddable":true,"href":"https:\/\/residence-peramal.com\/en\/wp-json\/wp\/v2\/pages\/785"}],"wp:attachment":[{"href":"https:\/\/residence-peramal.com\/en\/wp-json\/wp\/v2\/media?parent=850"}],"curies":[{"name":"wp","href":"https:\/\/api.w.org\/{rel}","templated":true}]}}