{"id":857,"date":"2017-02-20T12:46:14","date_gmt":"2017-02-20T12:46:14","guid":{"rendered":"http:\/\/residence-peramal.com\/?page_id=857\/"},"modified":"2017-02-23T10:40:06","modified_gmt":"2017-02-23T10:40:06","slug":"restaurants","status":"publish","type":"page","link":"https:\/\/residence-peramal.com\/en\/restaurants\/","title":{"rendered":"Restaurants in Grand Bay"},"content":{"rendered":"[vc_row][vc_column][mk_padding_divider][mk_ornamental_title text_color=&#8221;#c0b498&#8243; font_family=&#8221;Marcellus+SC&#8221; font_type=&#8221;google&#8221; font_size=&#8221;24&#8243; font_weight=&#8221;bold&#8221; txt_transform=&#8221;uppercase&#8221; ornament_style=&#8221;lemo-single&#8221; nss_align=&#8221;center&#8221; ornament_color=&#8221;#c0b498&#8243;]Restaurants[\/mk_ornamental_title][mk_padding_divider][\/vc_column][\/vc_row][vc_row][vc_column width=&#8221;1\/6&#8243;][\/vc_column][vc_column width=&#8221;2\/3&#8243;][vc_column_text]\n<p style=\"text-align: justify;\"><strong>Restaurant Le Capitaine<br \/>\n<\/strong>With a very good reputation and highly well known, Le Captain provides very good food in a very special setting with its exceptional blue marine bar, Le Captain already established with a lovely setting overlooking the sea.<\/p>\n<p style=\"text-align: justify;\"><strong>Restaurant Coolen, chez Ram.<br \/>\n<\/strong>Restaurant Coolen has hosted many stars such as Johnny Halliday and Christophe Mah\u00e9, offers a well-served local cuisine. Fish and seafood presented on a banana leaf. We also advise you to taste the Chinese cuisine that are affordable. The ground floor is better.<\/p>\n<p style=\"text-align: justify;\"><strong>Caf\u00e9 M\u00fcller<br \/>\n<\/strong>Caf\u00e9 M\u00fcller welcomes you warmly with balanced meals at affordable prices (not forget to reserve). The house offers delicious cakes as a specialty. The &#8220;apple strudel&#8221;, salads according to your tastes and even small meals. Caf\u00e9 M\u00fcller also offers entertainment such as reading, buffet services and tea services.<\/p>\n<p style=\"text-align: justify;\"><strong>Restaurant La Terrasse<br \/>\n<\/strong>This friendly restaurant on the right side, facing the sea, close to the coast guard. The restaurant is located on the 1st floor of a grocery store. This restaurant is easily located typical Mauritian. Different dishes are on offer, including Creole dishes as well as European and Chinese dishes. Local chefs offer traditional dishes prepared with care and skill.<\/p>\n<p style=\"text-align: justify;\">At La Terrasse Restauant, all the dishes are fresh and at very affordable price. The restaurant has two dining rooms, one on the ground floor that can accommodate people with disabilities and the second on the 1st floor with a beautiful terrace where you have your meal with a nice view on the sea.<\/p>\n<p style=\"text-align: justify;\"><strong>Restaurant Bar Beach House.<br \/>\n<\/strong>Experience a menu for all tastes, with generous portions and a good price \/ quality. Here, no long minutes waiting as the smiling and friendly staff makes you feel welcome as from your arrival in good friendly atmosphere of the Beach House.<\/p>\n<p style=\"text-align: justify;\"><strong>La Plage des Canisses.<br \/>\n<\/strong>Restaurant, bar cocktail with an amazing ambiance feet in water, it is ideal for an afternoon, being relaxed and appreciate a dreamlike lunch. Located opposite the anchor of local fishermen\u2019s canoes and a small island of rocks in the lush, Accommodation has a beautiful view over the lagoon of Grand Bay.<\/p>\n<p style=\"text-align: justify;\"><strong>Restaurant, la Vieille Rouge<br \/>\n<\/strong>Vieille Rouge Bar and Restaurant is located on the road to the Super U, after the Grand Bay Store Plaza on the left. It is a small restaurant where you can enjoy delicious Mauritian specialties at a much reasonable price.<\/p>\n<p style=\"text-align: justify;\">Have a good time in the bar with one of its cocktails and rum or enjoy a good seafood meal.<\/p>\n<p style=\"text-align: justify;\">You may also attend live music with local artists, excluded Thursday. This restaurant is accessible to any budget. It has a warm and welcoming decor, fabulous staff.<\/p>\n<p style=\"text-align: justify;\"><strong>Ti-Couloir Snack<br \/>\n<\/strong>As its name,Ti-Corridor Snack is a small corridor where they serve fries noodles and variety of balls. It is a Chinese and mixed cuisine. At noon, Ti-Couloir is full as the food is so tasty and not expensive. Enjoy in this small corridor where many Mauriciens come for lunch.<\/p>\n<p style=\"text-align: justify;\"><strong>Le Sunset Boulevard Caf\u00e9<br \/>\n<\/strong>Le Sunset Caf\u00e9 vous donne l\u2019opportunit\u00e9 d\u2019avoir une vue sur la baie tout en \u00e9tant la terrasse. Des bonnes glaces et des petits plats tr\u00e8s rapides sont propos\u00e9s.<\/p>\n<p style=\"text-align: justify;\"><strong>Sauterelle Restaurant<br \/>\n<\/strong>Situ\u00e9 au c\u0153ur de Grand Baie, au Sunset Boulevard, \u00e0 droite en allant vers le Centre de Grand Baie, \u00e0 l\u2019\u00e9tage donnant sur une jolie place avec un petite fontaine, le Sauterelle Restaurant vous propose un m\u00e9lange de la cuisine internationale et de la cuisine mauricienne.<\/p>\n<p style=\"text-align: justify;\"><strong>Le Restaurant, Chez Luigi<\/strong><\/p>\n<p style=\"text-align: justify;\">On vous accueil dans une atmosph\u00e8re tr\u00e8s chaleureux, sous une grande terrasse. Le restaurant propose des pizzas pr\u00e9par\u00e9es par le patron napolitain. Les pizzas sont d\u2019ailleurs tr\u00e8s succulentes et il y a aussi de la viande et divers fruits de mer. \u00c0 emporter ou sur place sur de grandes tables dress\u00e9es avec des bancs. Une carte de vin d\u2019origine italienne, vous sera propos\u00e9e.<\/p>\n<p style=\"text-align: justify;\"><strong>Restaurant Mammamia.<br \/>\n<\/strong>50 meters left on the coastal road in front of the sea. This restaurant is ideal to enjoy good Italian cuisine.<\/p>\n<p style=\"text-align: justify;\"><strong>Le Go\u00fbt du Large.<br \/>\n<\/strong>At 300 m from the Residence Peramal, on the right, the restaurant on the beach front is a quiet restaurant with first glance on a terrace and a view of the gunner&#8217;s quoin. Le Go\u00fbt du Large is a house converted as a restaurant, the meal is prepare in a nice veranda in the open air. Holiday atmosphere, simple and friendly.<\/p>\n<p style=\"text-align: justify;\"><strong>Restaurant La Cigale.<br \/>\n<\/strong>Located in the center of Pointe aux Canonniers, La Cigale restaurant, delicious Mediterranean house propose you an international and classic Italian cuisine with fresh products. Enjoy delicious pasta, pizza, spaghetti, tagliatelle, carbonaras, shrimp lasagna with pesto sauce and great salads which the divine arugula salad bouquet sprinkled with balsamic vinegar.<\/p>\n<p style=\"text-align: justify;\"><strong>Restaurant L\u2019Espadon.<br \/>\n<\/strong>This restaurant offers mainly seafood, fish and shellfish. But, other dishes are also prepared to satisfied the appetite of customers. The service is exemplary. Good price quality.<\/p>\n<p style=\"text-align: justify;\"><strong>OFF Restaurant Beach-Club.<br \/>\n<\/strong>On the left just before the nightclub Les Enfants Terribles. A friendly and relaxed place. Around a beautiful swimming pool, you have the opportunity to enjoy the beach service with family, friends, duo or solo. OFF also offers a non-stop restaurant service (breakfast, lunch, snack plus diner). You can also enjoy a piano bar atmosphere every weekend for super convivial evenings with lots of colors and a theme that varies each week.<\/p>\n<p style=\"text-align: justify;\"><strong>Hangar Restaurant et Bar.<br \/>\n<\/strong>Opposite the Northern Medical Center, is the perfect place for a drink or a relaxing evening meal with friends. The place looks like a bar-restaurant open to the atmosphere very relaxed. The pizzas are excellent served by friendly staff. Wide selection of beers and cocktails at a very affordable price!<\/p>\n<p style=\"text-align: justify;\"><strong>Restaurant Russian Hut.<br \/>\n<\/strong>Russia in Pointe aux Canonniers. Come and taste the homemade pelmeni and vareniki, stuffed blini, and the typical Ukrainian and Russian soups, Belarusian draniki, mixed salads and many other cuisine.<\/p>\n[\/vc_column_text][\/vc_column][vc_column width=&#8221;1\/6&#8243;][\/vc_column][\/vc_row][vc_row][vc_column][mk_padding_divider][\/vc_column][\/vc_row]\n","protected":false},"excerpt":{"rendered":"<p>[vc_row][vc_column][mk_padding_divider][mk_ornamental_title text_color=&#8221;#c0b498&#8243; font_family=&#8221;Marcellus+SC&#8221; font_type=&#8221;google&#8221; font_size=&#8221;24&#8243; font_weight=&#8221;bold&#8221; txt_transform=&#8221;uppercase&#8221; ornament_style=&#8221;lemo-single&#8221; nss_align=&#8221;center&#8221; ornament_color=&#8221;#c0b498&#8243;]Restaurants[\/mk_ornamental_title][mk_padding_divider][\/vc_column][\/vc_row][vc_row][vc_column width=&#8221;1\/6&#8243;][\/vc_column][vc_column width=&#8221;2\/3&#8243;][vc_column_text] Restaurant Le Capitaine With a very good reputation and highly well known, Le Captain provides very good food in a very special setting with its exceptional blue marine bar, Le Captain already established with a lovely setting overlooking the sea. Restaurant Coolen, chez [&hellip;]<\/p>\n","protected":false},"author":2,"featured_media":0,"parent":0,"menu_order":0,"comment_status":"closed","ping_status":"closed","template":"","meta":{"footnotes":""},"class_list":["post-857","page","type-page","status-publish","hentry"],"yoast_head":"<!-- This site is optimized with the Yoast SEO plugin v26.8 - https:\/\/yoast.com\/product\/yoast-seo-wordpress\/ -->\n<title>Restaurants in Grand Bay - Residence Peramal - Location Studio Ile Maurice<\/title>\n<meta name=\"robots\" content=\"index, follow, max-snippet:-1, max-image-preview:large, max-video-preview:-1\" \/>\n<link rel=\"canonical\" href=\"https:\/\/residence-peramal.com\/en\/restaurants\/\" \/>\n<meta property=\"og:locale\" content=\"en_US\" \/>\n<meta property=\"og:type\" content=\"article\" \/>\n<meta property=\"og:title\" content=\"Restaurants in Grand Bay - Residence Peramal - Location Studio Ile Maurice\" \/>\n<meta property=\"og:description\" content=\"[vc_row][vc_column][mk_padding_divider][mk_ornamental_title text_color=&#8221;#c0b498&#8243; font_family=&#8221;Marcellus+SC&#8221; font_type=&#8221;google&#8221; font_size=&#8221;24&#8243; font_weight=&#8221;bold&#8221; txt_transform=&#8221;uppercase&#8221; ornament_style=&#8221;lemo-single&#8221; nss_align=&#8221;center&#8221; ornament_color=&#8221;#c0b498&#8243;]Restaurants[\/mk_ornamental_title][mk_padding_divider][\/vc_column][\/vc_row][vc_row][vc_column width=&#8221;1\/6&#8243;][\/vc_column][vc_column width=&#8221;2\/3&#8243;][vc_column_text] Restaurant Le Capitaine With a very good reputation and highly well known, Le Captain provides very good food in a very special setting with its exceptional blue marine bar, Le Captain already established with a lovely setting overlooking the sea. Restaurant Coolen, chez [&hellip;]\" \/>\n<meta property=\"og:url\" content=\"https:\/\/residence-peramal.com\/en\/restaurants\/\" \/>\n<meta property=\"og:site_name\" content=\"Residence Peramal - Location Studio Ile Maurice\" \/>\n<meta property=\"article:modified_time\" content=\"2017-02-23T10:40:06+00:00\" \/>\n<meta name=\"twitter:card\" content=\"summary_large_image\" \/>\n<meta name=\"twitter:label1\" content=\"Est. reading time\" \/>\n\t<meta name=\"twitter:data1\" content=\"5 minutes\" \/>\n<script type=\"application\/ld+json\" class=\"yoast-schema-graph\">{\"@context\":\"https:\/\/schema.org\",\"@graph\":[{\"@type\":\"WebPage\",\"@id\":\"https:\/\/residence-peramal.com\/en\/restaurants\/\",\"url\":\"https:\/\/residence-peramal.com\/en\/restaurants\/\",\"name\":\"Restaurants in Grand Bay - Residence Peramal - Location Studio Ile Maurice\",\"isPartOf\":{\"@id\":\"https:\/\/residence-peramal.com\/#website\"},\"datePublished\":\"2017-02-20T12:46:14+00:00\",\"dateModified\":\"2017-02-23T10:40:06+00:00\",\"breadcrumb\":{\"@id\":\"https:\/\/residence-peramal.com\/en\/restaurants\/#breadcrumb\"},\"inLanguage\":\"en-US\",\"potentialAction\":[{\"@type\":\"ReadAction\",\"target\":[\"https:\/\/residence-peramal.com\/en\/restaurants\/\"]}]},{\"@type\":\"BreadcrumbList\",\"@id\":\"https:\/\/residence-peramal.com\/en\/restaurants\/#breadcrumb\",\"itemListElement\":[{\"@type\":\"ListItem\",\"position\":1,\"name\":\"Accueil\",\"item\":\"https:\/\/residence-peramal.com\/en\/\"},{\"@type\":\"ListItem\",\"position\":2,\"name\":\"Restaurants in Grand Bay\"}]},{\"@type\":\"WebSite\",\"@id\":\"https:\/\/residence-peramal.com\/#website\",\"url\":\"https:\/\/residence-peramal.com\/\",\"name\":\"Residence Peramal - Location Studio Ile Maurice\",\"description\":\"H\u00f4tel Grand Baie - Station Baln\u00e9aire\",\"publisher\":{\"@id\":\"https:\/\/residence-peramal.com\/#organization\"},\"potentialAction\":[{\"@type\":\"SearchAction\",\"target\":{\"@type\":\"EntryPoint\",\"urlTemplate\":\"https:\/\/residence-peramal.com\/?s={search_term_string}\"},\"query-input\":{\"@type\":\"PropertyValueSpecification\",\"valueRequired\":true,\"valueName\":\"search_term_string\"}}],\"inLanguage\":\"en-US\"},{\"@type\":\"Organization\",\"@id\":\"https:\/\/residence-peramal.com\/#organization\",\"name\":\"Residence Peramal - Location Studio Ile Maurice\",\"url\":\"https:\/\/residence-peramal.com\/\",\"logo\":{\"@type\":\"ImageObject\",\"inLanguage\":\"en-US\",\"@id\":\"https:\/\/residence-peramal.com\/#\/schema\/logo\/image\/\",\"url\":\"https:\/\/residence-peramal.com\/wp-content\/uploads\/2017\/06\/Residence-Peramal.png\",\"contentUrl\":\"https:\/\/residence-peramal.com\/wp-content\/uploads\/2017\/06\/Residence-Peramal.png\",\"width\":400,\"height\":106,\"caption\":\"Residence Peramal - Location Studio Ile Maurice\"},\"image\":{\"@id\":\"https:\/\/residence-peramal.com\/#\/schema\/logo\/image\/\"}}]}<\/script>\n<!-- \/ Yoast SEO plugin. -->","yoast_head_json":{"title":"Restaurants in Grand Bay - Residence Peramal - Location Studio Ile Maurice","robots":{"index":"index","follow":"follow","max-snippet":"max-snippet:-1","max-image-preview":"max-image-preview:large","max-video-preview":"max-video-preview:-1"},"canonical":"https:\/\/residence-peramal.com\/en\/restaurants\/","og_locale":"en_US","og_type":"article","og_title":"Restaurants in Grand Bay - Residence Peramal - Location Studio Ile Maurice","og_description":"[vc_row][vc_column][mk_padding_divider][mk_ornamental_title text_color=&#8221;#c0b498&#8243; font_family=&#8221;Marcellus+SC&#8221; font_type=&#8221;google&#8221; font_size=&#8221;24&#8243; font_weight=&#8221;bold&#8221; txt_transform=&#8221;uppercase&#8221; ornament_style=&#8221;lemo-single&#8221; nss_align=&#8221;center&#8221; ornament_color=&#8221;#c0b498&#8243;]Restaurants[\/mk_ornamental_title][mk_padding_divider][\/vc_column][\/vc_row][vc_row][vc_column width=&#8221;1\/6&#8243;][\/vc_column][vc_column width=&#8221;2\/3&#8243;][vc_column_text] Restaurant Le Capitaine With a very good reputation and highly well known, Le Captain provides very good food in a very special setting with its exceptional blue marine bar, Le Captain already established with a lovely setting overlooking the sea. Restaurant Coolen, chez [&hellip;]","og_url":"https:\/\/residence-peramal.com\/en\/restaurants\/","og_site_name":"Residence Peramal - Location Studio Ile Maurice","article_modified_time":"2017-02-23T10:40:06+00:00","twitter_card":"summary_large_image","twitter_misc":{"Est. reading time":"5 minutes"},"schema":{"@context":"https:\/\/schema.org","@graph":[{"@type":"WebPage","@id":"https:\/\/residence-peramal.com\/en\/restaurants\/","url":"https:\/\/residence-peramal.com\/en\/restaurants\/","name":"Restaurants in Grand Bay - Residence Peramal - Location Studio Ile Maurice","isPartOf":{"@id":"https:\/\/residence-peramal.com\/#website"},"datePublished":"2017-02-20T12:46:14+00:00","dateModified":"2017-02-23T10:40:06+00:00","breadcrumb":{"@id":"https:\/\/residence-peramal.com\/en\/restaurants\/#breadcrumb"},"inLanguage":"en-US","potentialAction":[{"@type":"ReadAction","target":["https:\/\/residence-peramal.com\/en\/restaurants\/"]}]},{"@type":"BreadcrumbList","@id":"https:\/\/residence-peramal.com\/en\/restaurants\/#breadcrumb","itemListElement":[{"@type":"ListItem","position":1,"name":"Accueil","item":"https:\/\/residence-peramal.com\/en\/"},{"@type":"ListItem","position":2,"name":"Restaurants in Grand Bay"}]},{"@type":"WebSite","@id":"https:\/\/residence-peramal.com\/#website","url":"https:\/\/residence-peramal.com\/","name":"Residence Peramal - Location Studio Ile Maurice","description":"H\u00f4tel Grand Baie - Station Baln\u00e9aire","publisher":{"@id":"https:\/\/residence-peramal.com\/#organization"},"potentialAction":[{"@type":"SearchAction","target":{"@type":"EntryPoint","urlTemplate":"https:\/\/residence-peramal.com\/?s={search_term_string}"},"query-input":{"@type":"PropertyValueSpecification","valueRequired":true,"valueName":"search_term_string"}}],"inLanguage":"en-US"},{"@type":"Organization","@id":"https:\/\/residence-peramal.com\/#organization","name":"Residence Peramal - Location Studio Ile Maurice","url":"https:\/\/residence-peramal.com\/","logo":{"@type":"ImageObject","inLanguage":"en-US","@id":"https:\/\/residence-peramal.com\/#\/schema\/logo\/image\/","url":"https:\/\/residence-peramal.com\/wp-content\/uploads\/2017\/06\/Residence-Peramal.png","contentUrl":"https:\/\/residence-peramal.com\/wp-content\/uploads\/2017\/06\/Residence-Peramal.png","width":400,"height":106,"caption":"Residence Peramal - Location Studio Ile Maurice"},"image":{"@id":"https:\/\/residence-peramal.com\/#\/schema\/logo\/image\/"}}]}},"_links":{"self":[{"href":"https:\/\/residence-peramal.com\/en\/wp-json\/wp\/v2\/pages\/857","targetHints":{"allow":["GET"]}}],"collection":[{"href":"https:\/\/residence-peramal.com\/en\/wp-json\/wp\/v2\/pages"}],"about":[{"href":"https:\/\/residence-peramal.com\/en\/wp-json\/wp\/v2\/types\/page"}],"author":[{"embeddable":true,"href":"https:\/\/residence-peramal.com\/en\/wp-json\/wp\/v2\/users\/2"}],"replies":[{"embeddable":true,"href":"https:\/\/residence-peramal.com\/en\/wp-json\/wp\/v2\/comments?post=857"}],"version-history":[{"count":4,"href":"https:\/\/residence-peramal.com\/en\/wp-json\/wp\/v2\/pages\/857\/revisions"}],"predecessor-version":[{"id":978,"href":"https:\/\/residence-peramal.com\/en\/wp-json\/wp\/v2\/pages\/857\/revisions\/978"}],"wp:attachment":[{"href":"https:\/\/residence-peramal.com\/en\/wp-json\/wp\/v2\/media?parent=857"}],"curies":[{"name":"wp","href":"https:\/\/api.w.org\/{rel}","templated":true}]}}