{"id":918,"date":"2017-02-22T06:06:43","date_gmt":"2017-02-22T06:06:43","guid":{"rendered":"http:\/\/residence-peramal.com\/?page_id=918\/"},"modified":"2017-02-22T06:08:28","modified_gmt":"2017-02-22T06:08:28","slug":"travel-info","status":"publish","type":"page","link":"https:\/\/residence-peramal.com\/en\/travel-info\/","title":{"rendered":"Travel Info"},"content":{"rendered":"[vc_row][vc_column][mk_padding_divider][mk_ornamental_title text_color=&#8221;#c0b498&#8243; font_family=&#8221;Marcellus+SC&#8221; font_type=&#8221;google&#8221; font_size=&#8221;24&#8243; font_weight=&#8221;bold&#8221; txt_transform=&#8221;uppercase&#8221; ornament_style=&#8221;lemo-single&#8221; nss_align=&#8221;center&#8221; ornament_color=&#8221;#c0b498&#8243;]Infos Voyage[\/mk_ornamental_title][mk_padding_divider][\/vc_column][\/vc_row][vc_row fullwidth=&#8221;true&#8221; fullwidth_content=&#8221;false&#8221; css=&#8221;.vc_custom_1473420758334{background-color: #c1b49a !important;}&#8221;][vc_column][mk_padding_divider size=&#8221;20&#8243;][vc_column_text align=&#8221;center&#8221;]\n<h3 style=\"text-align: center;\"><span style=\"color: #ffffff;\">&#8211; Information et Activit\u00e9s &#8211;<\/span><\/h3>\n[\/vc_column_text][mk_padding_divider size=&#8221;20&#8243;][vc_row_inner][vc_column_inner width=&#8221;1\/4&#8243;][mk_button dimension=&#8221;savvy&#8221; corner_style=&#8221;full_rounded&#8221; size=&#8221;large&#8221; url=&#8221;http:\/\/residence-peramal.com\/home2&#8243; align=&#8221;center&#8221; fullwidth=&#8221;true&#8221; outline_skin=&#8221;custom&#8221; outline_active_text_color=&#8221;#ffffff&#8221; outline_hover_color=&#8221;#684531&#8243;]Retour \u00e0 l&#8217;accueil[\/mk_button][\/vc_column_inner][vc_column_inner width=&#8221;1\/4&#8243;][mk_button dimension=&#8221;savvy&#8221; corner_style=&#8221;full_rounded&#8221; size=&#8221;large&#8221; url=&#8221;http:\/\/residence-peramal.com\/questions-frequentes\/&#8221; align=&#8221;center&#8221; fullwidth=&#8221;true&#8221; outline_skin=&#8221;custom&#8221; outline_active_text_color=&#8221;#ffffff&#8221; outline_hover_color=&#8221;#684531&#8243;]FAQ[\/mk_button][\/vc_column_inner][vc_column_inner width=&#8221;1\/4&#8243;][mk_button dimension=&#8221;savvy&#8221; corner_style=&#8221;full_rounded&#8221; size=&#8221;large&#8221; url=&#8221;http:\/\/residence-peramal.com\/activites-et-loisirs\/&#8221; align=&#8221;center&#8221; fullwidth=&#8221;true&#8221; outline_skin=&#8221;custom&#8221; outline_active_text_color=&#8221;#ffffff&#8221; outline_hover_color=&#8221;#684531&#8243;]Activit\u00e9s et Loisirs[\/mk_button][\/vc_column_inner][vc_column_inner width=&#8221;1\/4&#8243;][mk_button dimension=&#8221;savvy&#8221; corner_style=&#8221;full_rounded&#8221; size=&#8221;large&#8221; url=&#8221;http:\/\/residence-peramal.com\/references\/&#8221; align=&#8221;center&#8221; fullwidth=&#8221;true&#8221; outline_skin=&#8221;custom&#8221; outline_active_text_color=&#8221;#ffffff&#8221; outline_hover_color=&#8221;#684531&#8243;]R\u00e9f\u00e9rences[\/mk_button][\/vc_column_inner][\/vc_row_inner][mk_padding_divider size=&#8221;20&#8243;][\/vc_column][\/vc_row][vc_row][vc_column][mk_padding_divider size=&#8221;20&#8243;][\/vc_column][\/vc_row][vc_row][vc_column width=&#8221;1\/6&#8243;][\/vc_column][vc_column width=&#8221;2\/3&#8243;][vc_column_text]\n<p style=\"text-align: justify;\">Located to the southwest of the Indian Ocean and in the heart of the Mascarene Islands, Mauritius is found between the Reunion Island and Rodrigues Island. Mauritius has got its independence since 1968. Mauritius is a paradise island where you can travel and share magic moments with your family and discover the fascinating landscape. There are different languages that are spoken in Mauritius such as: French, Mauritian Creole and English are the main ones. In the past, Mauritius hosted an extinct animal, the dodo, which became the emblem of the island.<\/p>\n<p style=\"text-align: justify;\"><strong>Customs formalities<br \/>\n<\/strong>Passengers over the age of eighteen years can import the following quantities of duty free goods : 250 grams of tobacco (including cigars and cigarettes ), two liters of wine, ale or beer, 25cl of water and 100ml of parfums.<\/p>\n<p style=\"text-align: justify;\"><strong><br \/>\nCurrency and Banking<br \/>\n<\/strong>Banks opening hours coincide with the arrival and departure of international flights at the Sir Seewoosagur Ramgoolam International Airport .<br \/>\n<strong><br \/>\nBank opening hours<br \/>\n<\/strong><\/p>\n<ul>\n<li style=\"text-align: justify;\">Monday to Thursday from 9am to 15h<\/li>\n<li style=\"text-align: justify;\">Friday : from 9h to 17h<\/li>\n<li style=\"text-align: justify;\">Closed on Saturday and Sunday and public holidays<\/li>\n<\/ul>\n<p style=\"text-align: justify;\"><strong>Credit card<br \/>\n<\/strong>Banks, most hotels and restaurants, shops accept credit cards for tourists.<\/p>\n<p><strong>Medical Services<br \/>\n<\/strong>Many free medical facilities are available in hospitals and regional health centers . Private clinics provide a paid medical service.<br \/>\n<strong><br \/>\nShop opening hours<br \/>\n<\/strong>Schedules range from 9:30 to 7:30 p.m. in the major cities of Mauritius, from Monday to Saturday. Some shops are open till noon on Sundays and public holidays. Many duty free stores and modern shopping centers offer a wide choice of products. Note that the stores open only a half day on Thursday in Rose Hill, Vacoas, Curepipe and Quatre -Bornes.<br \/>\n<strong><br \/>\nInternational driving license<br \/>\n<\/strong>In Mauritius, traffic is on the left and drivers must give way to traffic from the right. Visitors who have a driving license issued by a competent authority in their country are allowed to drive during their stay in Mauritius .<\/p>\n<p><strong>Tipping<br \/>\n<\/strong>Tipping is common but not mandatory.<\/p>\n<p><strong>Naturism<br \/>\n<\/strong>Naturism is prohibited.<\/p>\n<p><strong><br \/>\nPersonal Safety<br \/>\n<\/strong>A good way to prevent the inconvenience is to ensure :<\/p>\n<ul>\n<li>Place valuables and cash in the safe of the hotel,<\/li>\n<li>Close your car with key when parked,<\/li>\n<li>Park your car in a well lit place,<\/li>\n<li>Conceal valuables lying in your car so they are not visible from the outside,<\/li>\n<li>Always keep your wallet safe when you plan to go shopping,<\/li>\n<li>Avoid going out large sums of cash in public places,<\/li>\n<li>Do have your passport with you only when necessary,<\/li>\n<li>Never leave your vehicle unattended if you go for sightseeing,<\/li>\n<li>\u00a0Always keep emergency handy phone numbers.<\/li>\n<\/ul>\n<p style=\"text-align: justify;\">Road safety<\/p>\n<ul>\n<li style=\"text-align: justify;\">Remember that traffic is on the left.<\/li>\n<li style=\"text-align: justify;\">Make an approve for your license from the Office of Traffic (Traffic Branch) at Line Barracks, Port Louis.<\/li>\n<li style=\"text-align: justify;\">Stay on the left of the road when you are on a motorcycle, bicycle or any other vehicle.<\/li>\n<li style=\"text-align: justify;\">At roundabouts, leave the priority to traffic coming from your right.<\/li>\n<li style=\"text-align: justify;\">Make sure to keep the ignition key when you leave your car.<\/li>\n<li style=\"text-align: justify;\">Fasten your seat belt.<\/li>\n<li style=\"text-align: justify;\">Children less than ten years cannot occupy the front seat.<\/li>\n<li style=\"text-align: justify;\">Parking tickets must be highlighted.<\/li>\n<li style=\"text-align: justify;\">Avoid using your mobile phone while driving<\/li>\n<li style=\"text-align: justify;\">&#8220;Drink or drive &#8220;, but not &#8220;Drink and Drive&#8221;<\/li>\n<li><\/li>\n<\/ul>\n[\/vc_column_text][\/vc_column][vc_column width=&#8221;1\/6&#8243;][\/vc_column][\/vc_row][vc_row][vc_column width=&#8221;1\/6&#8243;][\/vc_column][vc_column width=&#8221;2\/3&#8243;][vc_column_text]<strong>Veuillez trouver plus d&#8217;infos ci-dessous:<\/strong><\/p>\n<ol>\n<li><a href=\"http:\/\/residence-peramal.com\/compagnies-aeriennes-deservant-ile-maurice\/\">Compagnies a\u00e9riennes deservant Ile Maurice<\/a><\/li>\n<li><a href=\"http:\/\/residence-peramal.com\/visa-et-passeport\/\">Visa et passeport<\/a><\/li>\n<li><a href=\"http:\/\/residence-peramal.com\/vaccination-et-sante\/\">Vaccination et sant\u00e9<\/a><\/li>\n<li><a href=\"http:\/\/residence-peramal.com\/bagages-authorise\/\">Bagages<\/a><\/li>\n<li><a href=\"http:\/\/residence-peramal.com\/douanes\/\">Douane<\/a><\/li>\n<li><a href=\"http:\/\/residence-peramal.com\/formulaire-a-remplir-a-votre-arrivee\/\">Formulaires \u00e0 remplir \u00e0 votre arriv\u00e9e<\/a><\/li>\n<li><a href=\"http:\/\/residence-peramal.com\/monnaie-et-devise\/\">Monnaie et Devise<\/a><\/li>\n<li><a href=\"http:\/\/residence-peramal.com\/transports\/\">Transport<\/a><\/li>\n<li><a href=\"http:\/\/residence-peramal.com\/electricite\/\">Electricit\u00e9<\/a><\/li>\n<li><a href=\"http:\/\/residence-peramal.com\/internet\/\">Internet<\/a><\/li>\n<li><a href=\"http:\/\/residence-peramal.com\/telephone\/\">T\u00e9l\u00e9phone<\/a><\/li>\n<li><a href=\"http:\/\/residence-peramal.com\/la-cuisine-a-lile-maurice\/\">La cuisine mauricienne<\/a><\/li>\n<li><a href=\"http:\/\/residence-peramal.com\/service-postal-a-lile-maurice\/\">Service Postale \u00e0 l&#8217;Ile Maurice<\/a><\/li>\n<li><a href=\"http:\/\/residence-peramal.com\/coutumes-et-traditions\/\">Coutumes et traditions<\/a><\/li>\n<\/ol>\n[\/vc_column_text][\/vc_column][vc_column width=&#8221;1\/6&#8243;][\/vc_column][\/vc_row][vc_row][vc_column][mk_padding_divider][\/vc_column][\/vc_row][vc_row fullwidth=&#8221;true&#8221; css=&#8221;.vc_custom_1473424294800{background-color: #c1b49a !important;}&#8221;][vc_column][mk_padding_divider size=&#8221;15&#8243;][vc_column_text]\n<p style=\"text-align: center;\"><span style=\"color: #ffffff;\"><a style=\"color: #ffffff;\" href=\"http:\/\/residence-peramal.com\/ile-maurice\/\">L\u2019ile Maurice<\/a> | <a style=\"color: #ffffff;\" href=\"http:\/\/residence-peramal.com\/hebergement-lile-maurice\/\">H\u00e9bergement l\u2019ile Maurice<\/a> | <a style=\"color: #ffffff;\" href=\"http:\/\/residence-peramal.com\/studio-ile-maurice\/\">Studio Ile Maurice<\/a> | <a style=\"color: #ffffff;\" href=\"http:\/\/residence-peramal.com\/appartements-residence-peramal\/\">Appartements R\u00e9sidence Peramal<\/a> | <a style=\"color: #ffffff;\" href=\"https:\/\/www.tripadvisor.fr\/Hotel_Review-g488103-d1197427-Reviews-Residence_Peramal-Grand_Baie.html\">Tripadvisor <\/a>| <a style=\"color: #ffffff;\" href=\"http:\/\/residence-peramal.com\/references\/\">R\u00e9ferences<\/a> | <a style=\"color: #ffffff;\" href=\"http:\/\/residence-peramal.com\/conditions-generales\/\">Conditions G\u00e9n\u00e9rales<\/a><\/span><\/p>\n[\/vc_column_text][\/vc_column][\/vc_row]\n","protected":false},"excerpt":{"rendered":"<p>[vc_row][vc_column][mk_padding_divider][mk_ornamental_title text_color=&#8221;#c0b498&#8243; font_family=&#8221;Marcellus+SC&#8221; font_type=&#8221;google&#8221; font_size=&#8221;24&#8243; font_weight=&#8221;bold&#8221; txt_transform=&#8221;uppercase&#8221; ornament_style=&#8221;lemo-single&#8221; nss_align=&#8221;center&#8221; ornament_color=&#8221;#c0b498&#8243;]Infos Voyage[\/mk_ornamental_title][mk_padding_divider][\/vc_column][\/vc_row][vc_row fullwidth=&#8221;true&#8221; fullwidth_content=&#8221;false&#8221; css=&#8221;.vc_custom_1473420758334{background-color: #c1b49a !important;}&#8221;][vc_column][mk_padding_divider size=&#8221;20&#8243;][vc_column_text align=&#8221;center&#8221;] &#8211; Information et Activit\u00e9s &#8211; [\/vc_column_text][mk_padding_divider size=&#8221;20&#8243;][vc_row_inner][vc_column_inner width=&#8221;1\/4&#8243;][mk_button dimension=&#8221;savvy&#8221; corner_style=&#8221;full_rounded&#8221; size=&#8221;large&#8221; url=&#8221;http:\/\/residence-peramal.com\/home2&#8243; align=&#8221;center&#8221; fullwidth=&#8221;true&#8221; outline_skin=&#8221;custom&#8221; outline_active_text_color=&#8221;#ffffff&#8221; outline_hover_color=&#8221;#684531&#8243;]Retour \u00e0 l&#8217;accueil[\/mk_button][\/vc_column_inner][vc_column_inner width=&#8221;1\/4&#8243;][mk_button dimension=&#8221;savvy&#8221; corner_style=&#8221;full_rounded&#8221; size=&#8221;large&#8221; url=&#8221;http:\/\/residence-peramal.com\/questions-frequentes\/&#8221; align=&#8221;center&#8221; fullwidth=&#8221;true&#8221; outline_skin=&#8221;custom&#8221; outline_active_text_color=&#8221;#ffffff&#8221; outline_hover_color=&#8221;#684531&#8243;]FAQ[\/mk_button][\/vc_column_inner][vc_column_inner width=&#8221;1\/4&#8243;][mk_button dimension=&#8221;savvy&#8221; corner_style=&#8221;full_rounded&#8221; size=&#8221;large&#8221; url=&#8221;http:\/\/residence-peramal.com\/activites-et-loisirs\/&#8221; align=&#8221;center&#8221; fullwidth=&#8221;true&#8221; outline_skin=&#8221;custom&#8221; [&hellip;]<\/p>\n","protected":false},"author":2,"featured_media":0,"parent":0,"menu_order":0,"comment_status":"closed","ping_status":"closed","template":"","meta":{"footnotes":""},"class_list":["post-918","page","type-page","status-publish","hentry"],"yoast_head":"<!-- This site is optimized with the Yoast SEO plugin v26.8 - https:\/\/yoast.com\/product\/yoast-seo-wordpress\/ -->\n<title>Travel Info - Residence Peramal - Location Studio Ile Maurice<\/title>\n<meta name=\"robots\" content=\"index, follow, max-snippet:-1, max-image-preview:large, max-video-preview:-1\" \/>\n<link rel=\"canonical\" href=\"https:\/\/residence-peramal.com\/en\/travel-info\/\" \/>\n<meta property=\"og:locale\" content=\"en_US\" \/>\n<meta property=\"og:type\" content=\"article\" \/>\n<meta property=\"og:title\" content=\"Travel Info - Residence Peramal - Location Studio Ile Maurice\" \/>\n<meta property=\"og:description\" content=\"[vc_row][vc_column][mk_padding_divider][mk_ornamental_title text_color=&#8221;#c0b498&#8243; font_family=&#8221;Marcellus+SC&#8221; font_type=&#8221;google&#8221; font_size=&#8221;24&#8243; font_weight=&#8221;bold&#8221; txt_transform=&#8221;uppercase&#8221; ornament_style=&#8221;lemo-single&#8221; nss_align=&#8221;center&#8221; ornament_color=&#8221;#c0b498&#8243;]Infos Voyage[\/mk_ornamental_title][mk_padding_divider][\/vc_column][\/vc_row][vc_row fullwidth=&#8221;true&#8221; fullwidth_content=&#8221;false&#8221; css=&#8221;.vc_custom_1473420758334{background-color: #c1b49a !important;}&#8221;][vc_column][mk_padding_divider size=&#8221;20&#8243;][vc_column_text align=&#8221;center&#8221;] &#8211; Information et Activit\u00e9s &#8211; [\/vc_column_text][mk_padding_divider size=&#8221;20&#8243;][vc_row_inner][vc_column_inner width=&#8221;1\/4&#8243;][mk_button dimension=&#8221;savvy&#8221; corner_style=&#8221;full_rounded&#8221; size=&#8221;large&#8221; url=&#8221;http:\/\/residence-peramal.com\/home2&#8243; align=&#8221;center&#8221; fullwidth=&#8221;true&#8221; outline_skin=&#8221;custom&#8221; outline_active_text_color=&#8221;#ffffff&#8221; outline_hover_color=&#8221;#684531&#8243;]Retour \u00e0 l&#8217;accueil[\/mk_button][\/vc_column_inner][vc_column_inner width=&#8221;1\/4&#8243;][mk_button dimension=&#8221;savvy&#8221; corner_style=&#8221;full_rounded&#8221; size=&#8221;large&#8221; url=&#8221;http:\/\/residence-peramal.com\/questions-frequentes\/&#8221; align=&#8221;center&#8221; fullwidth=&#8221;true&#8221; outline_skin=&#8221;custom&#8221; outline_active_text_color=&#8221;#ffffff&#8221; outline_hover_color=&#8221;#684531&#8243;]FAQ[\/mk_button][\/vc_column_inner][vc_column_inner width=&#8221;1\/4&#8243;][mk_button dimension=&#8221;savvy&#8221; corner_style=&#8221;full_rounded&#8221; size=&#8221;large&#8221; url=&#8221;http:\/\/residence-peramal.com\/activites-et-loisirs\/&#8221; align=&#8221;center&#8221; fullwidth=&#8221;true&#8221; outline_skin=&#8221;custom&#8221; [&hellip;]\" \/>\n<meta property=\"og:url\" content=\"https:\/\/residence-peramal.com\/en\/travel-info\/\" \/>\n<meta property=\"og:site_name\" content=\"Residence Peramal - Location Studio Ile Maurice\" \/>\n<meta property=\"article:modified_time\" content=\"2017-02-22T06:08:28+00:00\" \/>\n<meta name=\"twitter:card\" content=\"summary_large_image\" \/>\n<meta name=\"twitter:label1\" content=\"Est. reading time\" \/>\n\t<meta name=\"twitter:data1\" content=\"5 minutes\" \/>\n<script type=\"application\/ld+json\" class=\"yoast-schema-graph\">{\"@context\":\"https:\/\/schema.org\",\"@graph\":[{\"@type\":\"WebPage\",\"@id\":\"https:\/\/residence-peramal.com\/en\/travel-info\/\",\"url\":\"https:\/\/residence-peramal.com\/en\/travel-info\/\",\"name\":\"Travel Info - Residence Peramal - Location Studio Ile Maurice\",\"isPartOf\":{\"@id\":\"https:\/\/residence-peramal.com\/#website\"},\"datePublished\":\"2017-02-22T06:06:43+00:00\",\"dateModified\":\"2017-02-22T06:08:28+00:00\",\"breadcrumb\":{\"@id\":\"https:\/\/residence-peramal.com\/en\/travel-info\/#breadcrumb\"},\"inLanguage\":\"en-US\",\"potentialAction\":[{\"@type\":\"ReadAction\",\"target\":[\"https:\/\/residence-peramal.com\/en\/travel-info\/\"]}]},{\"@type\":\"BreadcrumbList\",\"@id\":\"https:\/\/residence-peramal.com\/en\/travel-info\/#breadcrumb\",\"itemListElement\":[{\"@type\":\"ListItem\",\"position\":1,\"name\":\"Accueil\",\"item\":\"https:\/\/residence-peramal.com\/en\/\"},{\"@type\":\"ListItem\",\"position\":2,\"name\":\"Travel Info\"}]},{\"@type\":\"WebSite\",\"@id\":\"https:\/\/residence-peramal.com\/#website\",\"url\":\"https:\/\/residence-peramal.com\/\",\"name\":\"Residence Peramal - Location Studio Ile Maurice\",\"description\":\"H\u00f4tel Grand Baie - Station Baln\u00e9aire\",\"publisher\":{\"@id\":\"https:\/\/residence-peramal.com\/#organization\"},\"potentialAction\":[{\"@type\":\"SearchAction\",\"target\":{\"@type\":\"EntryPoint\",\"urlTemplate\":\"https:\/\/residence-peramal.com\/?s={search_term_string}\"},\"query-input\":{\"@type\":\"PropertyValueSpecification\",\"valueRequired\":true,\"valueName\":\"search_term_string\"}}],\"inLanguage\":\"en-US\"},{\"@type\":\"Organization\",\"@id\":\"https:\/\/residence-peramal.com\/#organization\",\"name\":\"Residence Peramal - Location Studio Ile Maurice\",\"url\":\"https:\/\/residence-peramal.com\/\",\"logo\":{\"@type\":\"ImageObject\",\"inLanguage\":\"en-US\",\"@id\":\"https:\/\/residence-peramal.com\/#\/schema\/logo\/image\/\",\"url\":\"https:\/\/residence-peramal.com\/wp-content\/uploads\/2017\/06\/Residence-Peramal.png\",\"contentUrl\":\"https:\/\/residence-peramal.com\/wp-content\/uploads\/2017\/06\/Residence-Peramal.png\",\"width\":400,\"height\":106,\"caption\":\"Residence Peramal - Location Studio Ile Maurice\"},\"image\":{\"@id\":\"https:\/\/residence-peramal.com\/#\/schema\/logo\/image\/\"}}]}<\/script>\n<!-- \/ Yoast SEO plugin. -->","yoast_head_json":{"title":"Travel Info - Residence Peramal - Location Studio Ile Maurice","robots":{"index":"index","follow":"follow","max-snippet":"max-snippet:-1","max-image-preview":"max-image-preview:large","max-video-preview":"max-video-preview:-1"},"canonical":"https:\/\/residence-peramal.com\/en\/travel-info\/","og_locale":"en_US","og_type":"article","og_title":"Travel Info - Residence Peramal - Location Studio Ile Maurice","og_description":"[vc_row][vc_column][mk_padding_divider][mk_ornamental_title text_color=&#8221;#c0b498&#8243; font_family=&#8221;Marcellus+SC&#8221; font_type=&#8221;google&#8221; font_size=&#8221;24&#8243; font_weight=&#8221;bold&#8221; txt_transform=&#8221;uppercase&#8221; ornament_style=&#8221;lemo-single&#8221; nss_align=&#8221;center&#8221; ornament_color=&#8221;#c0b498&#8243;]Infos Voyage[\/mk_ornamental_title][mk_padding_divider][\/vc_column][\/vc_row][vc_row fullwidth=&#8221;true&#8221; fullwidth_content=&#8221;false&#8221; css=&#8221;.vc_custom_1473420758334{background-color: #c1b49a !important;}&#8221;][vc_column][mk_padding_divider size=&#8221;20&#8243;][vc_column_text align=&#8221;center&#8221;] &#8211; Information et Activit\u00e9s &#8211; [\/vc_column_text][mk_padding_divider size=&#8221;20&#8243;][vc_row_inner][vc_column_inner width=&#8221;1\/4&#8243;][mk_button dimension=&#8221;savvy&#8221; corner_style=&#8221;full_rounded&#8221; size=&#8221;large&#8221; url=&#8221;http:\/\/residence-peramal.com\/home2&#8243; align=&#8221;center&#8221; fullwidth=&#8221;true&#8221; outline_skin=&#8221;custom&#8221; outline_active_text_color=&#8221;#ffffff&#8221; outline_hover_color=&#8221;#684531&#8243;]Retour \u00e0 l&#8217;accueil[\/mk_button][\/vc_column_inner][vc_column_inner width=&#8221;1\/4&#8243;][mk_button dimension=&#8221;savvy&#8221; corner_style=&#8221;full_rounded&#8221; size=&#8221;large&#8221; url=&#8221;http:\/\/residence-peramal.com\/questions-frequentes\/&#8221; align=&#8221;center&#8221; fullwidth=&#8221;true&#8221; outline_skin=&#8221;custom&#8221; outline_active_text_color=&#8221;#ffffff&#8221; outline_hover_color=&#8221;#684531&#8243;]FAQ[\/mk_button][\/vc_column_inner][vc_column_inner width=&#8221;1\/4&#8243;][mk_button dimension=&#8221;savvy&#8221; corner_style=&#8221;full_rounded&#8221; size=&#8221;large&#8221; url=&#8221;http:\/\/residence-peramal.com\/activites-et-loisirs\/&#8221; align=&#8221;center&#8221; fullwidth=&#8221;true&#8221; outline_skin=&#8221;custom&#8221; [&hellip;]","og_url":"https:\/\/residence-peramal.com\/en\/travel-info\/","og_site_name":"Residence Peramal - Location Studio Ile Maurice","article_modified_time":"2017-02-22T06:08:28+00:00","twitter_card":"summary_large_image","twitter_misc":{"Est. reading time":"5 minutes"},"schema":{"@context":"https:\/\/schema.org","@graph":[{"@type":"WebPage","@id":"https:\/\/residence-peramal.com\/en\/travel-info\/","url":"https:\/\/residence-peramal.com\/en\/travel-info\/","name":"Travel Info - Residence Peramal - Location Studio Ile Maurice","isPartOf":{"@id":"https:\/\/residence-peramal.com\/#website"},"datePublished":"2017-02-22T06:06:43+00:00","dateModified":"2017-02-22T06:08:28+00:00","breadcrumb":{"@id":"https:\/\/residence-peramal.com\/en\/travel-info\/#breadcrumb"},"inLanguage":"en-US","potentialAction":[{"@type":"ReadAction","target":["https:\/\/residence-peramal.com\/en\/travel-info\/"]}]},{"@type":"BreadcrumbList","@id":"https:\/\/residence-peramal.com\/en\/travel-info\/#breadcrumb","itemListElement":[{"@type":"ListItem","position":1,"name":"Accueil","item":"https:\/\/residence-peramal.com\/en\/"},{"@type":"ListItem","position":2,"name":"Travel Info"}]},{"@type":"WebSite","@id":"https:\/\/residence-peramal.com\/#website","url":"https:\/\/residence-peramal.com\/","name":"Residence Peramal - Location Studio Ile Maurice","description":"H\u00f4tel Grand Baie - Station Baln\u00e9aire","publisher":{"@id":"https:\/\/residence-peramal.com\/#organization"},"potentialAction":[{"@type":"SearchAction","target":{"@type":"EntryPoint","urlTemplate":"https:\/\/residence-peramal.com\/?s={search_term_string}"},"query-input":{"@type":"PropertyValueSpecification","valueRequired":true,"valueName":"search_term_string"}}],"inLanguage":"en-US"},{"@type":"Organization","@id":"https:\/\/residence-peramal.com\/#organization","name":"Residence Peramal - Location Studio Ile Maurice","url":"https:\/\/residence-peramal.com\/","logo":{"@type":"ImageObject","inLanguage":"en-US","@id":"https:\/\/residence-peramal.com\/#\/schema\/logo\/image\/","url":"https:\/\/residence-peramal.com\/wp-content\/uploads\/2017\/06\/Residence-Peramal.png","contentUrl":"https:\/\/residence-peramal.com\/wp-content\/uploads\/2017\/06\/Residence-Peramal.png","width":400,"height":106,"caption":"Residence Peramal - Location Studio Ile Maurice"},"image":{"@id":"https:\/\/residence-peramal.com\/#\/schema\/logo\/image\/"}}]}},"_links":{"self":[{"href":"https:\/\/residence-peramal.com\/en\/wp-json\/wp\/v2\/pages\/918","targetHints":{"allow":["GET"]}}],"collection":[{"href":"https:\/\/residence-peramal.com\/en\/wp-json\/wp\/v2\/pages"}],"about":[{"href":"https:\/\/residence-peramal.com\/en\/wp-json\/wp\/v2\/types\/page"}],"author":[{"embeddable":true,"href":"https:\/\/residence-peramal.com\/en\/wp-json\/wp\/v2\/users\/2"}],"replies":[{"embeddable":true,"href":"https:\/\/residence-peramal.com\/en\/wp-json\/wp\/v2\/comments?post=918"}],"version-history":[{"count":1,"href":"https:\/\/residence-peramal.com\/en\/wp-json\/wp\/v2\/pages\/918\/revisions"}],"predecessor-version":[{"id":919,"href":"https:\/\/residence-peramal.com\/en\/wp-json\/wp\/v2\/pages\/918\/revisions\/919"}],"wp:attachment":[{"href":"https:\/\/residence-peramal.com\/en\/wp-json\/wp\/v2\/media?parent=918"}],"curies":[{"name":"wp","href":"https:\/\/api.w.org\/{rel}","templated":true}]}}